{"id":1199,"date":"2022-05-27T14:41:20","date_gmt":"2022-05-27T13:41:20","guid":{"rendered":"https:\/\/autoshow.at\/?page_id=1199"},"modified":"2025-09-01T16:52:17","modified_gmt":"2025-09-01T15:52:17","slug":"ueber-mich","status":"publish","type":"page","link":"https:\/\/autoshow.at\/en\/ueber-mich\/","title":{"rendered":"About Me"},"content":{"rendered":"<div data-elementor-type=\"wp-page\" data-elementor-id=\"1199\" class=\"elementor elementor-1199\">\n\t\t\t\t\t\t<section class=\"elementor-section elementor-top-section elementor-element elementor-element-9bd0795 elementor-section-boxed elementor-section-height-default elementor-section-height-default wpr-particle-no wpr-jarallax-no wpr-parallax-no wpr-sticky-section-no\" data-id=\"9bd0795\" data-element_type=\"section\">\n\t\t\t\t\t\t<div class=\"elementor-container elementor-column-gap-default\">\n\t\t\t\t\t<div class=\"elementor-column elementor-col-100 elementor-top-column elementor-element elementor-element-215cc1e\" data-id=\"215cc1e\" data-element_type=\"column\">\n\t\t\t<div class=\"elementor-widget-wrap elementor-element-populated\">\n\t\t\t\t\t\t<div class=\"elementor-element elementor-element-44592c5 elementor-widget elementor-widget-heading\" data-id=\"44592c5\" data-element_type=\"widget\" data-widget_type=\"heading.default\">\n\t\t\t\t<div class=\"elementor-widget-container\">\n\t\t\t\t\t<h2 class=\"elementor-heading-title elementor-size-default\">About Me<\/h2>\t\t\t\t<\/div>\n\t\t\t\t<\/div>\n\t\t\t\t<div class=\"elementor-element elementor-element-c207e2f elementor-widget elementor-widget-text-editor\" data-id=\"c207e2f\" data-element_type=\"widget\" data-widget_type=\"text-editor.default\">\n\t\t\t\t<div class=\"elementor-widget-container\">\n\t\t\t\t\t\t\t\t\t<p>AutoShow.at was founded over 25 years ago by my husband, Johann Stegny.<br \/>He retired in 2025 after 45 years of service.<\/p><p>I am delighted to continue AutoShow.at in his spirit,\nwhereby he will, of course, be available to me in the background with\nhis vast expertise.<\/p>\t\t\t\t\t\t\t\t<\/div>\n\t\t\t\t<\/div>\n\t\t\t\t<section class=\"elementor-section elementor-inner-section elementor-element elementor-element-4b61e75 elementor-section-boxed elementor-section-height-default elementor-section-height-default wpr-particle-no wpr-jarallax-no wpr-parallax-no wpr-sticky-section-no\" data-id=\"4b61e75\" data-element_type=\"section\">\n\t\t\t\t\t\t<div class=\"elementor-container elementor-column-gap-default\">\n\t\t\t\t\t<div class=\"elementor-column elementor-col-66 elementor-inner-column elementor-element elementor-element-9a9341f\" data-id=\"9a9341f\" data-element_type=\"column\">\n\t\t\t<div class=\"elementor-widget-wrap elementor-element-populated\">\n\t\t\t\t\t\t<div class=\"elementor-element elementor-element-65dd539 elementor-widget elementor-widget-text-editor\" data-id=\"65dd539\" data-element_type=\"widget\" data-widget_type=\"text-editor.default\">\n\t\t\t\t<div class=\"elementor-widget-container\">\n\t\t\t\t\t\t\t\t\t<p>In the many years we have lived together,\nI have been able to delve deeply into the world of model cars.<br \/>As a passionate collector, I understand the \"world of collecting\".<br \/>I truly enjoy enriching your collection with beautiful and rare models.<\/p><p>I also continue to maintain personal contacts with the model manufacturers,<br \/>so that you continue to be informed about the latest innovations.<\/p><p>With this in mind, I wish you much enjoyment with our shared hobby!<\/p>\t\t\t\t\t\t\t\t<\/div>\n\t\t\t\t<\/div>\n\t\t\t\t\t<\/div>\n\t\t<\/div>\n\t\t\t\t<div class=\"elementor-column elementor-col-33 elementor-inner-column elementor-element elementor-element-fa55e7d\" data-id=\"fa55e7d\" data-element_type=\"column\">\n\t\t\t<div class=\"elementor-widget-wrap elementor-element-populated\">\n\t\t\t\t\t\t<div class=\"elementor-element elementor-element-f41296f elementor-widget elementor-widget-image\" data-id=\"f41296f\" data-element_type=\"widget\" data-widget_type=\"image.default\">\n\t\t\t\t<div class=\"elementor-widget-container\">\n\t\t\t\t\t\t\t\t\t\t\t\t\t\t\t<img fetchpriority=\"high\" decoding=\"async\" width=\"662\" height=\"627\" src=\"https:\/\/autoshow.at\/wp-content\/uploads\/2025\/09\/Petra-Stegny.jpg\" class=\"attachment-large size-large wp-image-104344\" alt=\"Petra Stegny Foto\" srcset=\"https:\/\/autoshow.at\/wp-content\/uploads\/2025\/09\/Petra-Stegny.jpg 662w, https:\/\/autoshow.at\/wp-content\/uploads\/2025\/09\/Petra-Stegny-300x284.jpg 300w, https:\/\/autoshow.at\/wp-content\/uploads\/2025\/09\/Petra-Stegny-13x12.jpg 13w, https:\/\/autoshow.at\/wp-content\/uploads\/2025\/09\/Petra-Stegny-64x61.jpg 64w\" sizes=\"(max-width: 662px) 100vw, 662px\" \/>\t\t\t\t\t\t\t\t\t\t\t\t\t\t\t<\/div>\n\t\t\t\t<\/div>\n\t\t\t\t\t<\/div>\n\t\t<\/div>\n\t\t\t\t\t<\/div>\n\t\t<\/section>\n\t\t\t\t<div class=\"elementor-element elementor-element-eb63aa3 elementor-widget elementor-widget-spacer\" data-id=\"eb63aa3\" data-element_type=\"widget\" data-widget_type=\"spacer.default\">\n\t\t\t\t<div class=\"elementor-widget-container\">\n\t\t\t\t\t\t\t<div class=\"elementor-spacer\">\n\t\t\t<div class=\"elementor-spacer-inner\"><\/div>\n\t\t<\/div>\n\t\t\t\t\t\t<\/div>\n\t\t\t\t<\/div>\n\t\t\t\t<div class=\"elementor-element elementor-element-8fad995 elementor-widget elementor-widget-spacer\" data-id=\"8fad995\" data-element_type=\"widget\" data-widget_type=\"spacer.default\">\n\t\t\t\t<div class=\"elementor-widget-container\">\n\t\t\t\t\t\t\t<div class=\"elementor-spacer\">\n\t\t\t<div class=\"elementor-spacer-inner\"><\/div>\n\t\t<\/div>\n\t\t\t\t\t\t<\/div>\n\t\t\t\t<\/div>\n\t\t\t\t<div class=\"elementor-element elementor-element-a1d5861 elementor-widget elementor-widget-text-editor\" data-id=\"a1d5861\" data-element_type=\"widget\" data-widget_type=\"text-editor.default\">\n\t\t\t\t<div class=\"elementor-widget-container\">\n\t\t\t\t\t\t\t\t\t<p>With warm regards from Vienna<br \/>Petra Stegny<\/p>\t\t\t\t\t\t\t\t<\/div>\n\t\t\t\t<\/div>\n\t\t\t\t\t<\/div>\n\t\t<\/div>\n\t\t\t\t\t<\/div>\n\t\t<\/section>\n\t\t\t\t<\/div>","protected":false},"excerpt":{"rendered":"<p>\u00dcber mich AutoShow.at wurde vor \u00fcber 25 Jahren von meinem Mann, Johann Stegny, gegr\u00fcndet.2025 hat er nach 45 Arbeitsjahren den Ruhestand angetreten. Ich freue mich dar\u00fcber AutoShow.at in seinem Sinn weiterzuf\u00fchren, wobei er mir selbstverst\u00e4ndlich im Hintergrund mit seinem enormen Fachwissen zur Verf\u00fcgung steht. In den vielen Jahren des Zusammenlebens konnte ich tief in die Welt der Modellautos eindringen.Als leidenschaftliche Sammlerin verstehe ich die \u201eWelt des Sammelns\u201c.Ich habe echten Spa\u00df daran Ihre Sammlung mit wundersch\u00f6nen und seltenen Modellen zu bereichern. Auch pflege ich weiterhin alle pers\u00f6nlichen Kontakte zu den Modellherstellern,soda\u00df Sie auch weiterhin \u00fcber die aktuellen Neuheiten informiert sind. In diesem Sinn w\u00fcnsche ich viel Spa\u00df mit unserem gemeinsamen Hobby! Mit herzlichen Gr\u00fc\u00dfen aus WienPetra Stegny<\/p>","protected":false},"author":1,"featured_media":0,"parent":0,"menu_order":0,"comment_status":"closed","ping_status":"closed","template":"elementor_header_footer","meta":{"footnotes":""},"class_list":["post-1199","page","type-page","status-publish","hentry","entry","owp-thumbs-layout-horizontal","owp-btn-normal","owp-tabs-layout-horizontal","has-no-thumbnails","has-product-nav"],"_links":{"self":[{"href":"https:\/\/autoshow.at\/en\/wp-json\/wp\/v2\/pages\/1199","targetHints":{"allow":["GET"]}}],"collection":[{"href":"https:\/\/autoshow.at\/en\/wp-json\/wp\/v2\/pages"}],"about":[{"href":"https:\/\/autoshow.at\/en\/wp-json\/wp\/v2\/types\/page"}],"author":[{"embeddable":true,"href":"https:\/\/autoshow.at\/en\/wp-json\/wp\/v2\/users\/1"}],"replies":[{"embeddable":true,"href":"https:\/\/autoshow.at\/en\/wp-json\/wp\/v2\/comments?post=1199"}],"version-history":[{"count":37,"href":"https:\/\/autoshow.at\/en\/wp-json\/wp\/v2\/pages\/1199\/revisions"}],"predecessor-version":[{"id":104350,"href":"https:\/\/autoshow.at\/en\/wp-json\/wp\/v2\/pages\/1199\/revisions\/104350"}],"wp:attachment":[{"href":"https:\/\/autoshow.at\/en\/wp-json\/wp\/v2\/media?parent=1199"}],"curies":[{"name":"wp","href":"https:\/\/api.w.org\/{rel}","templated":true}]}}