{"id":452,"date":"2021-11-26T14:20:45","date_gmt":"2021-11-26T14:20:45","guid":{"rendered":"https:\/\/autoshow.at\/?page_id=452"},"modified":"2025-09-01T16:35:27","modified_gmt":"2025-09-01T15:35:27","slug":"impressum","status":"publish","type":"page","link":"https:\/\/autoshow.at\/en\/impressum\/","title":{"rendered":"Imprint"},"content":{"rendered":"<div data-elementor-type=\"wp-page\" data-elementor-id=\"452\" class=\"elementor elementor-452\">\n\t\t\t\t\t\t<section class=\"elementor-section elementor-top-section elementor-element elementor-element-582417e1 elementor-section-boxed elementor-section-height-default elementor-section-height-default wpr-particle-no wpr-jarallax-no wpr-parallax-no wpr-sticky-section-no\" data-id=\"582417e1\" data-element_type=\"section\" data-settings=\"{&quot;background_background&quot;:&quot;classic&quot;}\">\n\t\t\t\t\t\t<div class=\"elementor-container elementor-column-gap-default\">\n\t\t\t\t\t<div class=\"elementor-column elementor-col-100 elementor-top-column elementor-element elementor-element-7a846404\" data-id=\"7a846404\" data-element_type=\"column\">\n\t\t\t<div class=\"elementor-widget-wrap elementor-element-populated\">\n\t\t\t\t\t\t<div class=\"elementor-element elementor-element-78edbd75 elementor-widget elementor-widget-text-editor\" data-id=\"78edbd75\" data-element_type=\"widget\" data-widget_type=\"text-editor.default\">\n\t\t\t\t<div class=\"elementor-widget-container\">\n\t\t\t\t\t\t\t\t\t<h1>IMPRESSUM<\/h1>\n<p>Firma\/Name:&nbsp;: Petra Stegny<\/p>\n<p>address: 1090 Vienna, R\u00f6gergasse 18 \/ 21, Austria \/ EU<br>Tel.: +4313199863&nbsp; &nbsp; &nbsp;&nbsp;E-Mail: <a href=\"mailto:autoshow@speed.at\" target=\"_blank\">autoshow@speed.at<\/a><\/p>\n<p><span style=\"font-size: 14px;\">AutoShow is an internet shop,<br><\/span>if you like to pick your models, please let us fix a date<\/p>\n<p>supervisory authority: Municipal District Office of the IX. district<\/p>\n<p>legal form: unregistered entrepreneur<\/p>\n<p>object of the company: mail order toys, general trade mail order<\/p>\n<p>state of award: Austria<\/p>\n<p>UID Nummer:&nbsp;AT U65101034<\/p>\n<p>Mitglied der Wirtschaftskammer Wien<\/p>\n<p>applicable legal provisions: trade regulations, available at www.ris.bka.gv.at<\/p>\t\t\t\t\t\t\t\t<\/div>\n\t\t\t\t<\/div>\n\t\t\t\t\t<\/div>\n\t\t<\/div>\n\t\t\t\t\t<\/div>\n\t\t<\/section>\n\t\t\t\t<\/div>","protected":false},"excerpt":{"rendered":"<p>IMPRESSUM Firma\/Name:&nbsp;: Petra Stegny Adresse: 1090 Wien, R\u00f6gergasse 18 \/ 21, \u00d6sterreichTel.: +4313199863&nbsp; &nbsp; &nbsp;&nbsp;E-Mail: autoshow@speed.at AutoShow.at ist ein Internet-Versandhandel, kein Ladengesch\u00e4ft,gerne k\u00f6nnen Sie Ihre Modelle nach Terminvereinbarung&nbsp; auch pers\u00f6nlich abholen Aufsichtsbeh\u00f6rde: Magistratisches Bezirksamt des IX. Bezirkes Rechtsform:&nbsp;nicht eingetragener Unternehmer Unternehmensgegenstand:&nbsp;Einzelhandel mit Spielwaren, Versandhandel Verleihungsstaat: \u00d6sterreich UID Nummer:&nbsp;AT U65101034 Mitglied der Wirtschaftskammer Wien Anwendbare Rechtsvorschriften:&nbsp;Gewerbeordnung, abrufbar unter www.ris.bka.gv.at<\/p>","protected":false},"author":1,"featured_media":0,"parent":0,"menu_order":0,"comment_status":"closed","ping_status":"closed","template":"elementor_header_footer","meta":{"footnotes":""},"class_list":["post-452","page","type-page","status-publish","hentry","entry","owp-thumbs-layout-horizontal","owp-btn-normal","owp-tabs-layout-horizontal","has-no-thumbnails","has-product-nav"],"_links":{"self":[{"href":"https:\/\/autoshow.at\/en\/wp-json\/wp\/v2\/pages\/452","targetHints":{"allow":["GET"]}}],"collection":[{"href":"https:\/\/autoshow.at\/en\/wp-json\/wp\/v2\/pages"}],"about":[{"href":"https:\/\/autoshow.at\/en\/wp-json\/wp\/v2\/types\/page"}],"author":[{"embeddable":true,"href":"https:\/\/autoshow.at\/en\/wp-json\/wp\/v2\/users\/1"}],"replies":[{"embeddable":true,"href":"https:\/\/autoshow.at\/en\/wp-json\/wp\/v2\/comments?post=452"}],"version-history":[{"count":46,"href":"https:\/\/autoshow.at\/en\/wp-json\/wp\/v2\/pages\/452\/revisions"}],"predecessor-version":[{"id":104327,"href":"https:\/\/autoshow.at\/en\/wp-json\/wp\/v2\/pages\/452\/revisions\/104327"}],"wp:attachment":[{"href":"https:\/\/autoshow.at\/en\/wp-json\/wp\/v2\/media?parent=452"}],"curies":[{"name":"wp","href":"https:\/\/api.w.org\/{rel}","templated":true}]}}