{"id":470,"date":"2021-11-26T15:20:03","date_gmt":"2021-11-26T15:20:03","guid":{"rendered":"https:\/\/autoshow.at\/?page_id=470"},"modified":"2025-09-01T16:41:25","modified_gmt":"2025-09-01T15:41:25","slug":"allgemeine-geschaeftsbedingungen","status":"publish","type":"page","link":"https:\/\/autoshow.at\/en\/allgemeine-geschaeftsbedingungen\/","title":{"rendered":"Terms of Service"},"content":{"rendered":"<div data-elementor-type=\"wp-page\" data-elementor-id=\"470\" class=\"elementor elementor-470\">\n\t\t\t\t\t\t<section class=\"elementor-section elementor-top-section elementor-element elementor-element-c1d4514 elementor-section-boxed elementor-section-height-default elementor-section-height-default wpr-particle-no wpr-jarallax-no wpr-parallax-no wpr-sticky-section-no\" data-id=\"c1d4514\" data-element_type=\"section\" data-settings=\"{&quot;background_background&quot;:&quot;classic&quot;}\">\n\t\t\t\t\t\t<div class=\"elementor-container elementor-column-gap-default\">\n\t\t\t\t\t<div class=\"elementor-column elementor-col-100 elementor-top-column elementor-element elementor-element-5b76826\" data-id=\"5b76826\" data-element_type=\"column\">\n\t\t\t<div class=\"elementor-widget-wrap elementor-element-populated\">\n\t\t\t\t\t\t<div class=\"elementor-element elementor-element-f222bc3 elementor-widget elementor-widget-text-editor\" data-id=\"f222bc3\" data-element_type=\"widget\" data-widget_type=\"text-editor.default\">\n\t\t\t\t<div class=\"elementor-widget-container\">\n\t\t\t\t\t\t\t\t\t<p>TERMS OF SERVICE<\/p><p>Stand: 01.09.2025<\/p><p>1) Scope<\/p><p><strong>1.1<\/strong>These General Terms and Conditions (hereinafter \"GTC\") of<\/p><h2>Petra Stegny<\/h2><p>1090 Vienna, R\u00f6gergasse 18, Austria \/ EU<br \/>+4313199863<br \/>autoshow@speed.at<\/p><p>apply to all contracts for the delivery of goods that a consumer or entrepreneur (hereinafter \"customer\") concludes with the seller with regard to his goods and services. The inclusion of the customer's own conditions is hereby contradicted, unless something else has been agreed.<\/p><p>A consumer is any natural person who engages in a transaction that is not part of the operation of their business. Entrepreneur within the meaning of these terms and conditions is a natural or legal person or a partnership with legal capacity who, when concluding a legal transaction, acts in the exercise of their commercial or independent professional activity. Stock corporations, limited liability companies, commercial and economic cooperatives, mutual insurance associations, savings banks, European economic interest groups (EEIG), European companies (SE) and European cooperatives (SCE) are entrepreneurs by virtue of their legal form.<\/p><p><strong>2) Conclusion of contract<\/strong><\/p><p><strong>2.1<\/strong>&nbsp;The product descriptions contained in the seller's online shop do not represent binding offers on the part of the seller, but serve to enable the customer to submit a binding offer.<\/p><p><strong>2.2<\/strong>&nbsp;The customer can submit the offer via the online order form integrated in the seller's online shop. After configuring the selected goods or services and going through the electronic ordering process, the customer submits a legally binding contract offer with regard to the goods or services contained in the shopping cart by clicking the button that concludes the ordering process. The customer can also place the order by telephone, e-mail or contact form.<\/p><p><strong>2.3<\/strong>&nbsp;The seller can accept the customer's offer within three working days,<\/p><ul><li>by sending the customer a written order confirmation or an order confirmation in text form (e-mail), whereby receipt of the order confirmation by the customer is decisive, or<\/li><li>by asking the customer to pay after placing his order<\/li><\/ul><p>If there are several of the above alternatives, the contract is concluded at the point in time at which one of the above alternatives occurs first. The period for accepting the offer begins on the day after the customer has sent the offer and ends at the end of the third working day following the sending of the offer. If the seller does not accept the customer's offer within the aforementioned period, this is deemed to be a rejection of the offer with the result that the customer is no longer bound by his declaration of intent.<\/p><p><strong>2.4<\/strong>\u00a0When submitting an offer via the seller's online order form, the text of the contract is saved by the seller after the conclusion of the contract and sent to the customer in text form (e.g. e-mail) after the order has been sent.;<\/p><p>The seller does not make the contract text accessible beyond this.;\u00a0<\/p><p><strong>2.5<\/strong>&nbsp;The German language is available for the conclusion of the contract.<\/p><p><strong style=\"font-size: 14px;\">2.6<\/strong><span style=\"font-size: 14px;\">&nbsp;Order processing and contact are usually made via email and automated order processing. The customer must ensure that the e-mail address provided by him for order processing is correct so that the e-mails sent by the seller can be received at this address. In particular, when using SPAM filters, the customer must ensure that all e-mails sent by the seller or by third parties commissioned to process the order can be delivered.<\/span><\/p><p><strong>2.7<\/strong> In the event of collection, the seller first informs the customer by e-mail that the goods he has ordered are ready for collection. After receiving this e-mail, the customer can collect the goods at the seller's registered office after consultation with the seller. In this case, no shipping costs will be charged.<\/p><p><strong>3) Right of Withdrawal<\/strong><\/p><p><strong style=\"font-size: 14px;\">3.1<\/strong><span style=\"font-size: 14px;\">Consumers residing in the EU generally have the right to withdraw from a distance contract.<\/span><\/p><p>A distance contract is a contract between the seller and a consumer concluded without the simultaneous physical presence of the seller and the consumer, whereby only means of distance communication (internet, telephone) are used up to and including the conclusion of the contract.<\/p><p><strong>4) Prices and terms of payment<\/strong><\/p><p><strong>4.1<\/strong>&nbsp;Unless otherwise stated in the seller's product and service description, the prices quoted are total prices that include statutory sales tax.<\/p><p><strong>5) Retention of title<\/strong><\/p><p><strong>5.1<\/strong> In relation to its customers, regardless of whether they are consumers or entrepreneurs, the seller reserves title to the goods provided until the purchase price owed has been paid in full.<\/p><p><strong>6) Delivery<\/strong><strong>and shipping conditions<\/strong><\/p><p><strong>6.1\u00a0<\/strong>Our offers are open to all customers worldwide.<\/p><p><strong>6.2<\/strong> Goods are delivered to the delivery address specified by the customer, unless otherwise agreed.<\/p><p><strong>6.3<\/strong>\u00a0If the customer acts as an entrepreneur, the risk of loss of or damage to the goods sold passes to the customer as soon as the seller has delivered the goods to the freight forwarder, the carrier or the person or company otherwise responsible for carrying out the shipment. If the customer acts as a consumer, the risk only passes to the consumer as soon as the goods are delivered to the consumer or to a third party designated by the consumer who is different from the carrier. However, if the consumer himself has concluded the contract of carriage without using a choice proposed by the entrepreneur, the risk passes to the carrier as soon as the goods are handed over.<\/p><p><strong>7) Warranty\/Liability<\/strong><\/p><p><strong>7.1<\/strong> The provisions of the statutory warranty apply.<\/p><p>Der Verk\u00e4ufer haftet daf\u00fcr, dass die Ware zus\u00e4tzlich zu den vertraglich vereinbarten Eigenschaften die objektiv erforderlichen Eigenschaften hat.\u00a0Das gilt nicht, soweit der Verbraucher bei Vertragsabschluss der Abweichung eines bestimmten Merkmals von den objektiv erforderlichen Eigenschaften ausdr\u00fccklich und gesondert zustimmt, was er durch seine Bestellung tut, nachdem er von dieser Abweichung bei der Produktbeschreibung eigens in Kenntnis gesetzt wurde.<\/p><p>If the customer acts as an entrepreneur, the following also applies:<\/p><ul><li>In principle, an insignificant defect does not justify any warranty claims,<\/li><li>The seller has the choice of how to remedy the defect<\/li><li>The statute of limitations does not begin again if a replacement delivery is made as part of the liability for defects.<\/li><li>If the customer acts as an entrepreneur within the meaning of the UGB, he is subject to the commercial obligation to examine and give notice of defects in accordance with \u00a7 377 UGB. If the customer fails to comply with the notification obligations regulated there, the goods are deemed to have been approved.<\/li><\/ul><p>The seller is not liable for slight negligence, unless personal injury is involved. These liability regulations also apply with regard to the liability of the seller for his vicarious agents and legal representatives.<\/p><p><strong>8) Jurisdiction\/Applicable Law<\/strong><\/p><p><strong>8.1.<\/strong>\u00a0Austrian substantive law applies exclusively, excluding the UN sales law. For consumers, this choice of law only applies insofar as the protection granted by mandatory provisions of the law of the state in which the consumer has his habitual residence is not withdrawn. For consumers with domicile\/habitual abode outside the EU, this choice of law only applies to the extent that the statutory right of withdrawal in distance selling is excluded and therefore not granted, unless the statutory right of withdrawal in distance selling is not subject to mandatory provisions of the law of the country in which the consumer has his habitual residence.<\/p><p><b>8.2.<\/b> Im Verh\u00e4ltnis zu Unternehmern wird das sachlich zust\u00e4ndige Gericht am Firmensitz des Verk\u00e4ufers als ausschlie\u00dflich zust\u00e4ndiges Gericht vereinbart.\u00a0Bei Verbrauchern mit Wohnsitz\/gew\u00f6hnlichem Aufenthalt gilt dies auch, aber nur insoweit, als das nicht zwingenden gesetzlichen Bestimmungen widerspricht.<\/p>\t\t\t\t\t\t\t\t<\/div>\n\t\t\t\t<\/div>\n\t\t\t\t\t<\/div>\n\t\t<\/div>\n\t\t\t\t\t<\/div>\n\t\t<\/section>\n\t\t\t\t<\/div>","protected":false},"excerpt":{"rendered":"<p>ALLGEMEINE GESCH\u00c4FTSBEDINGUNGEN Stand: 01.09.2025 1) Geltungsbereich 1.1\u2009Diese Allgemeinen Gesch\u00e4ftsbedingungen (nachfolgend &#8222;AGB&#8220;) des Petra Stegny 1090 Wien, R\u00f6gergasse 18, \u00d6sterreich+4313199863autoshow@speed.at gelten f\u00fcr alle Vertr\u00e4ge \u00fcber die Lieferung von Waren, die ein Verbraucher oder Unternehmer (nachfolgend \u201eKunde\u201c) mit dem Verk\u00e4ufer hinsichtlich dessen Waren und Dienstleistungen abschlie\u00dft. Hiermit wird der Einbeziehung von eigenen Bedingungen des Kunden widersprochen, es sei denn, es ist etwas anderes vereinbart. Verbraucher ist jede nat\u00fcrliche Person, die ein Gesch\u00e4ft t\u00e4tigt, das nicht zum Betrieb ihres Unternehmens geh\u00f6rt. Unternehmer im Sinne dieser AGB ist eine nat\u00fcrliche oder juristische Person oder eine rechtsf\u00e4hige Personengesellschaft, die bei Abschluss eines Rechtsgesch\u00e4fts in Aus\u00fcbung ihrer gewerblichen oder selbst\u00e4ndigen beruflichen T\u00e4tigkeit handelt. Aktiengesellschaften, Gesellschaften mit beschr\u00e4nkter Haftung, Erwerbs- und Wirtschaftsgenossenschaften, Versicherungsvereine auf Gegenseitigkeit, Sparkassen, Europ\u00e4ische wirtschaftliche Interessenvereinigungen (EWIV), Europ\u00e4ische Gesellschaften (SE) und Europ\u00e4ische Genossenschaften (SCE) sind Unternehmer kraft Rechtsform. 2) Vertragsschluss 2.1\u2009Die im Online-Shop des Verk\u00e4ufers enthaltenen Produktbeschreibungen stellen keine verbindlichen Angebote seitens des Verk\u00e4ufers dar, sondern dienen zur Abgabe eines verbindlichen Angebots durch den Kunden. 2.2\u2009Der Kunde kann das Angebot \u00fcber das in den Online-Shop des Verk\u00e4ufers integrierte Online-Bestellformular abgeben. Dabei gibt der Kunde, nachdem er die ausgew\u00e4hlten Waren oder Dienstleistungen konfiguriert und den elektronischen Bestellprozess durchlaufen hat, durch Klicken des den Bestellvorgang abschlie\u00dfenden Buttons ein rechtlich verbindliches Vertragsangebot in Bezug auf die im Warenkorb enthaltenen Waren oder Dienstleistungen ab. Der Kunde kann die Bestellung auch telefonisch, per E-Mail oder Kontaktformular abgeben. 2.3\u2009Der Verk\u00e4ufer kann das Angebot des Kunden innerhalb von drei Werktagen annehmen, indem er dem Kunden eine schriftliche Auftragsbest\u00e4tigung oder eine Auftragsbest\u00e4tigung in Textform (E-Mail) \u00fcbermittelt, wobei insoweit der Zugang der Auftragsbest\u00e4tigung beim Kunden ma\u00dfgeblich ist, oder indem er den Kunden nach Abgabe seiner Bestellung zur Zahlung auffordert Liegen mehrere der vorgenannten Alternativen vor, kommt der Vertrag in dem Zeitpunkt zustande, in dem eine der vorgenannten Alternativen zuerst eintritt. Die Frist zur Annahme des Angebots beginnt am Tag nach der Absendung des Angebots durch den Kunden zu laufen und endet mit dem Ablauf des dritten Werktages, welcher auf die Absendung des Angebots folgt. Nimmt der Verk\u00e4ufer das Angebot des Kunden innerhalb vorgenannter Frist nicht an, so gilt dies als Ablehnung des Angebots mit der Folge, dass der Kunde nicht mehr an seine Willenserkl\u00e4rung gebunden ist. 2.4\u2009Bei der Abgabe eines Angebots \u00fcber das Online-Bestellformular des Verk\u00e4ufers wird der Vertragstext nach dem Vertragsschluss vom Verk\u00e4ufer gespeichert und dem Kunden nach Absendung von dessen Bestellung in Textform (z. B. E-Mail) \u00fcbermittelt. Eine dar\u00fcberhinausgehende Zug\u00e4nglichmachung des Vertragstextes durch den Verk\u00e4ufer erfolgt nicht.\u00a0 2.5\u2009F\u00fcr den Vertragsschluss steht die deutsche Sprache zur Verf\u00fcgung. 2.6\u2009Die Bestellabwicklung und Kontaktaufnahme finden in der Regel per E-Mail und automatisierter Bestellabwicklung statt. Der Kunde hat sicherzustellen, dass die von ihm zur Bestellabwicklung angegebene E-Mail-Adresse zutreffend ist, so dass unter dieser Adresse die vom Verk\u00e4ufer versandten E-Mails empfangen werden k\u00f6nnen. Insbesondere hat der Kunde bei dem Einsatz von SPAM-Filtern sicherzustellen, dass alle vom Verk\u00e4ufer oder von diesem mit der Bestellabwicklung beauftragten Dritten versandten E-Mails zugestellt werden k\u00f6nnen. 2.7 Bei Selbstabholung informiert der Verk\u00e4ufer den Kunden zun\u00e4chst per E-Mail dar\u00fcber, dass die von ihm bestellte Ware zur Abholung bereit steht. Nach Erhalt dieser E-Mail kann der Kunde die Ware nach Absprache mit dem Verk\u00e4ufer am Sitz des Verk\u00e4ufers abholen. In diesem Fall werden keine Versandkosten berechnet. 3) R\u00fccktrittsrecht 3.1\u2009Verbrauchern mit Wohnsitz in der EU steht bei einem Vertragsabschluss im Fernabsatz grunds\u00e4tzlich ein R\u00fccktrittsrecht zu. Ein Fernabsatzvertrag ist ein Vertrag zwischen dem Verk\u00e4ufer und einem Verbraucher, der ohne gleichzeitige k\u00f6rperliche Anwesenheit des Verk\u00e4ufers und des Verbrauchers, wobei bis einschlie\u00dflich des Zustandekommens des Vertrags ausschlie\u00dflich Fernkommunikationsmittel (Fax, Internet, Telefon) verwendet werden. 4) Preise und Zahlungsbedingungen 4.1\u2009Sofern sich aus der Produkt- und Dienstleistungsbeschreibung des Verk\u00e4ufers nichts anderes ergibt, handelt es sich bei den angegebenen Preisen um Gesamtpreise, die die gesetzliche Umsatzsteuer enthalten. 5) Eigentumsvorbehalt 5.1 Gegen\u00fcber seinen Kunden, egal ob Verbraucher oder Unternehmer, beh\u00e4lt sich der Verk\u00e4ufer bis zur vollst\u00e4ndigen Bezahlung des geschuldeten Kaufpreises das Eigentum an der zur Verf\u00fcgung gestellten Ware vor. 6) Liefer- und Versandbedingungen 6.1\u00a0Unsere Angebote stehen allen Kunden weltweit offen. 6.2 Die Lieferung von Waren erfolgt auf dem Versandweg an die vom Kunden angegebene Lieferanschrift, sofern nichts anderes vereinbart ist. 6.3\u00a0Handelt der Kunde als Unternehmer, geht die Gefahr f\u00fcr den Verlust oder die Besch\u00e4digung der verkauften Ware auf den Kunden \u00fcber, sobald der Verk\u00e4ufer die Sache dem Spediteur, dem Frachtf\u00fchrer oder der oder dem sonst zur Ausf\u00fchrung der Versendung bestimmten Person oder Unternehmen ausgeliefert hat. Handelt der Kunde als Verbraucher, geht die Gefahr erst auf den Verbraucher \u00fcber, sobald die Ware an den Verbraucher oder an einen von diesem bestimmten, vom Bef\u00f6rderer verschiedenen Dritten abgeliefert wird. Hat aber der Verbraucher selbst den Bef\u00f6rderungsvertrag geschlossen, ohne dabei eine vom Unternehmer vorgeschlagene Auswahlm\u00f6glichkeit zu n\u00fctzen, so geht die Gefahr bereits mit der Aush\u00e4ndigung der Ware an den Bef\u00f6rderer \u00fcber. 7) Gew\u00e4hrleistung\/Haftung 7.1 Es gelten die Vorschriften der gesetzlichen Gew\u00e4hrleistung. Der Verk\u00e4ufer haftet daf\u00fcr, dass die Ware zus\u00e4tzlich zu den vertraglich vereinbarten Eigenschaften die objektiv erforderlichen Eigenschaften hat.\u00a0Das gilt nicht, soweit der Verbraucher bei Vertragsabschluss der Abweichung eines bestimmten Merkmals von den objektiv erforderlichen Eigenschaften ausdr\u00fccklich und gesondert zustimmt, was er durch seine Bestellung tut, nachdem er von dieser Abweichung bei der Produktbeschreibung eigens in Kenntnis gesetzt wurde. Handelt der Kunde als Unternehmer, gilt au\u00dferdem: Es begr\u00fcndet ein unwesentlicher Mangel grunds\u00e4tzlich keine Gew\u00e4hrleistungsanspr\u00fcche, Es hat der Verk\u00e4ufer die Wahl der Art der M\u00e4ngelbehebung Es beginnt die Verj\u00e4hrung nicht erneut, wenn im Rahmen der M\u00e4ngelhaftung eine Ersatzlieferung erfolgt. Handelt der Kunde als Unternehmer i.S.d. UGB, trifft ihn die kaufm\u00e4nnische Untersuchungs- und R\u00fcgepflicht gem. \u00a7 377 UGB. Unterl\u00e4sst der Kunde die dort geregelten Anzeigepflichten, gilt die Ware als genehmigt. Eine Haftung des Verk\u00e4ufers ist f\u00fcr leichte Fahrl\u00e4ssigkeit ausgeschlossen, sofern es sich nicht um Personensch\u00e4den handelt. Diese Haftungsregelungen gelten auch im Hinblick auf die Haftung des Verk\u00e4ufers f\u00fcr seine Erf\u00fcllungsgehilfen und gesetzlichen Vertreter. 8) Gerichtsstand\/Anwendbares Recht 8.1.\u00a0Es gilt ausschlie\u00dflich \u00f6sterreichisches materielles Recht unter Ausschluss des UN-Kaufrechts. Bei Verbrauchern gilt diese Rechtswahl nur insoweit, als nicht der gew\u00e4hrte Schutz durch zwingende Bestimmungen des Rechts des Staates, in dem der Verbraucher seinen gew\u00f6hnlichen Aufenthalt hat, entzogen wird. Bei Verbrauchern mit Wohnsitz\/gew\u00f6hnlichem<\/p>","protected":false},"author":1,"featured_media":0,"parent":0,"menu_order":0,"comment_status":"closed","ping_status":"closed","template":"elementor_header_footer","meta":{"footnotes":""},"class_list":["post-470","page","type-page","status-publish","hentry","entry","owp-thumbs-layout-horizontal","owp-btn-normal","owp-tabs-layout-horizontal","has-no-thumbnails","has-product-nav"],"_links":{"self":[{"href":"https:\/\/autoshow.at\/en\/wp-json\/wp\/v2\/pages\/470","targetHints":{"allow":["GET"]}}],"collection":[{"href":"https:\/\/autoshow.at\/en\/wp-json\/wp\/v2\/pages"}],"about":[{"href":"https:\/\/autoshow.at\/en\/wp-json\/wp\/v2\/types\/page"}],"author":[{"embeddable":true,"href":"https:\/\/autoshow.at\/en\/wp-json\/wp\/v2\/users\/1"}],"replies":[{"embeddable":true,"href":"https:\/\/autoshow.at\/en\/wp-json\/wp\/v2\/comments?post=470"}],"version-history":[{"count":32,"href":"https:\/\/autoshow.at\/en\/wp-json\/wp\/v2\/pages\/470\/revisions"}],"predecessor-version":[{"id":104343,"href":"https:\/\/autoshow.at\/en\/wp-json\/wp\/v2\/pages\/470\/revisions\/104343"}],"wp:attachment":[{"href":"https:\/\/autoshow.at\/en\/wp-json\/wp\/v2\/media?parent=470"}],"curies":[{"name":"wp","href":"https:\/\/api.w.org\/{rel}","templated":true}]}}