{"id":767,"date":"2022-02-24T22:23:50","date_gmt":"2022-02-24T22:23:50","guid":{"rendered":"https:\/\/autoshow.at\/?page_id=767"},"modified":"2025-09-02T17:46:23","modified_gmt":"2025-09-02T16:46:23","slug":"suchservice","status":"publish","type":"page","link":"https:\/\/autoshow.at\/en\/suchservice\/","title":{"rendered":"SEARCH SERVICE"},"content":{"rendered":"<div data-elementor-type=\"wp-page\" data-elementor-id=\"767\" class=\"elementor elementor-767\">\n\t\t\t\t\t\t<section class=\"elementor-section elementor-top-section elementor-element elementor-element-09e3622 elementor-section-boxed elementor-section-height-default elementor-section-height-default wpr-particle-no wpr-jarallax-no wpr-parallax-no wpr-sticky-section-no\" data-id=\"09e3622\" data-element_type=\"section\">\n\t\t\t\t\t\t<div class=\"elementor-container elementor-column-gap-default\">\n\t\t\t\t\t<div class=\"elementor-column elementor-col-100 elementor-top-column elementor-element elementor-element-93a7b85\" data-id=\"93a7b85\" data-element_type=\"column\">\n\t\t\t<div class=\"elementor-widget-wrap elementor-element-populated\">\n\t\t\t\t\t\t<div class=\"elementor-element elementor-element-6617f3f elementor-widget elementor-widget-heading\" data-id=\"6617f3f\" data-element_type=\"widget\" data-widget_type=\"heading.default\">\n\t\t\t\t<div class=\"elementor-widget-container\">\n\t\t\t\t\t<h2 class=\"elementor-heading-title elementor-size-default\">SEARCH SERVICE<\/h2>\t\t\t\t<\/div>\n\t\t\t\t<\/div>\n\t\t\t\t<div class=\"elementor-element elementor-element-4478c8a elementor-widget elementor-widget-text-editor\" data-id=\"4478c8a\" data-element_type=\"widget\" data-widget_type=\"text-editor.default\">\n\t\t\t\t<div class=\"elementor-widget-container\">\n\t\t\t\t\t\t\t\t\tSie sind schon lange auf der Suche nach einem bestimmten Modell?\nIch bem\u00fche mich es f\u00fcr Sie zu finden!\n\nMancher meiner Kunden ist bereit Modelle abzugeben, auch kaufe ich regelm\u00e4\u00dfig Sammlungen und bin auf B\u00f6rsen unterwegs.\nIch nehme Ihr gesuchtes Modell in meine Suchliste auf und informiere Sie unverbindlich, sobald ich f\u00fcndig geworden bin.\n\nEinfach Mail an: <a href=\"mailto:autoshow@speed.at\">autoshow@speed.at<\/a> or <a href=\"tel:+4313199863\">+4313199863<\/a>\t\t\t\t\t\t\t\t<\/div>\n\t\t\t\t<\/div>\n\t\t\t\t\t<\/div>\n\t\t<\/div>\n\t\t\t\t\t<\/div>\n\t\t<\/section>\n\t\t\t\t<\/div>","protected":false},"excerpt":{"rendered":"<p>Suchservice Sie sind schon lange auf der Suche nach einem bestimmten Modell? Ich bem\u00fche mich es f\u00fcr Sie zu finden! Mancher meiner Kunden ist bereit Modelle abzugeben, auch kaufe ich regelm\u00e4\u00dfig Sammlungen und bin auf B\u00f6rsen unterwegs. Ich nehme Ihr gesuchtes Modell in meine Suchliste auf und informiere Sie unverbindlich, sobald ich f\u00fcndig geworden bin. Einfach Mail an: autoshow@speed.at oder +4313199863<\/p>","protected":false},"author":1,"featured_media":0,"parent":0,"menu_order":0,"comment_status":"closed","ping_status":"closed","template":"elementor_header_footer","meta":{"footnotes":""},"class_list":["post-767","page","type-page","status-publish","hentry","entry","owp-thumbs-layout-horizontal","owp-btn-normal","owp-tabs-layout-horizontal","has-no-thumbnails","has-product-nav"],"_links":{"self":[{"href":"https:\/\/autoshow.at\/en\/wp-json\/wp\/v2\/pages\/767","targetHints":{"allow":["GET"]}}],"collection":[{"href":"https:\/\/autoshow.at\/en\/wp-json\/wp\/v2\/pages"}],"about":[{"href":"https:\/\/autoshow.at\/en\/wp-json\/wp\/v2\/types\/page"}],"author":[{"embeddable":true,"href":"https:\/\/autoshow.at\/en\/wp-json\/wp\/v2\/users\/1"}],"replies":[{"embeddable":true,"href":"https:\/\/autoshow.at\/en\/wp-json\/wp\/v2\/comments?post=767"}],"version-history":[{"count":50,"href":"https:\/\/autoshow.at\/en\/wp-json\/wp\/v2\/pages\/767\/revisions"}],"predecessor-version":[{"id":104355,"href":"https:\/\/autoshow.at\/en\/wp-json\/wp\/v2\/pages\/767\/revisions\/104355"}],"wp:attachment":[{"href":"https:\/\/autoshow.at\/en\/wp-json\/wp\/v2\/media?parent=767"}],"curies":[{"name":"wp","href":"https:\/\/api.w.org\/{rel}","templated":true}]}}