{"id":900,"date":"2022-04-12T21:07:32","date_gmt":"2022-04-12T21:07:32","guid":{"rendered":"https:\/\/autoshow.at\/versandarten\/"},"modified":"2025-09-01T16:33:43","modified_gmt":"2025-09-01T15:33:43","slug":"versandarten","status":"publish","type":"page","link":"https:\/\/autoshow.at\/en\/versandarten\/","title":{"rendered":"Versandarten"},"content":{"rendered":"<div data-elementor-type=\"wp-page\" data-elementor-id=\"900\" class=\"elementor elementor-900\">\n\t\t\t\t\t\t<section class=\"elementor-section elementor-top-section elementor-element elementor-element-500169f elementor-section-boxed elementor-section-height-default elementor-section-height-default wpr-particle-no wpr-jarallax-no wpr-parallax-no wpr-sticky-section-no\" data-id=\"500169f\" data-element_type=\"section\">\n\t\t\t\t\t\t<div class=\"elementor-container elementor-column-gap-default\">\n\t\t\t\t\t<div class=\"elementor-column elementor-col-100 elementor-top-column elementor-element elementor-element-5563fe3\" data-id=\"5563fe3\" data-element_type=\"column\">\n\t\t\t<div class=\"elementor-widget-wrap elementor-element-populated\">\n\t\t\t\t\t\t<div class=\"elementor-element elementor-element-e43b90c elementor-widget elementor-widget-heading\" data-id=\"e43b90c\" data-element_type=\"widget\" data-widget_type=\"heading.default\">\n\t\t\t\t<div class=\"elementor-widget-container\">\n\t\t\t\t\t<h2 class=\"elementor-heading-title elementor-size-default\">Zahlung &amp; Versand<\/h2>\t\t\t\t<\/div>\n\t\t\t\t<\/div>\n\t\t\t\t<div class=\"elementor-element elementor-element-ee68b5d elementor-widget elementor-widget-text-editor\" data-id=\"ee68b5d\" data-element_type=\"widget\" data-widget_type=\"text-editor.default\">\n\t\t\t\t<div class=\"elementor-widget-container\">\n\t\t\t\t\t\t\t\t\t<p>After your order I will check the availability and you will then receive an invoice:<br>diese zahlen Sie bitte mit IBAN \/ BIC problemlos auf mein Konto.<br>you can easily pay these to my account with your IBAN \/ BIC.<br>PayPal is only available to my customers outside of Europe (+6% PayPal fee)<\/p>\n<p>I would be happy to store your models for later shipping,<br>as soon as further models from your order are available.<br>This saves you postage costs.<br>For very large orders, it may also be possible to agree on monthly installments.<\/p>\n<p>Normally the dispatch takes place within a short time after receipt of payment,<br>I check each model for transport safety and pack it accordingly:<br>if necessary I pull a plastic film over the model<br>or unscrew the model from the base to withstand transport shocks without any problems.<br>Should transport damage nevertheless occur,<br>please contact the delivering company immediately,<br>photograph the damage and fill out a damage report.<br>Only you as the recipient can do that, anyway I am happy to help.<\/p>\n<p>If a model does not correspond to the offer, i.e. it is the wrong one than ordered or it has serious quality defects, please write to me and we<br>will find a way to solve the problem! Please understand that returns that have not been agreed in advance and that I have reserved will not be accepted<br>since the assignment of the sender \/ content \/ is often not apparent when it is handed over.<br>For example, it has happened that I was sent unusable goods without being asked to sell them....<\/p>\n<p><b>Shipping:<\/b><br>I send every package insured, depending on the content, the maximum insured value per package is EUR 500.00<br>I therefore advise you to have two packets sent for higher values!<\/p>\n<p><b>1 to 4 models 1:43 (in normal packaging)<br><\/b>\u20ac 7,90\u00a0\u00a0\u00a0 \u00a0 \u00a0 \u00a0 Austria<br>\u20ac 19,90\u00a0\u00a0\u00a0 \u00a0 \u00a0 EU without France<br>\u20ac 24,90\u00a0\u00a0\u00a0 \u00a0 \u00a0 France, Switzerland, Great Britain<\/p>\n<p><b>1 to 3 models 1:43 (in normal packaging)<br><\/b>\u20ac 35,90&nbsp; &nbsp; &nbsp; &nbsp; Kanada <br>\u20ac 39,90\u00a0 \u00a0 \u00a0 \u00a0 Asia (Japan, Taiwan, Rep. Korea, etc\u2026) <br>\u20ac 49,90\u00a0 \u00a0 \u00a0 \u00a0 Australia<\/p><p>USA \u2013 bitte anfragen \/ please ask<\/p>\n<div>&nbsp;<\/div>\n<div>&nbsp;<\/div>\n<div>&nbsp;<\/div>\t\t\t\t\t\t\t\t<\/div>\n\t\t\t\t<\/div>\n\t\t\t\t\t<\/div>\n\t\t<\/div>\n\t\t\t\t\t<\/div>\n\t\t<\/section>\n\t\t\t\t<\/div>","protected":false},"excerpt":{"rendered":"<p>Zahlung &amp; Versand Nach Ihrer Bestellung pr\u00fcfe ich die Verf\u00fcgbarkeit und Sie erhalten dann eine Rechnung:diese zahlen Sie bitte mit IBAN \/ BIC problemlos auf mein Konto.PayPal steht nur meinen Kunden au\u00dferhalb Europas zur Verf\u00fcgung,auf besonderen Wunsch k\u00f6nnen Sie gerne auch mit PayPal bezahlen (+6% PayPal Geb\u00fchr) Gerne lagere ich Ihre Modelle auch f\u00fcr einen sp\u00e4teren Versand,sobald weitere Modelle aus Ihrer Bestellung lieferbar sind.Somit sparen Sie Portokosten.Bei sehr gro\u00dfen Bestellungen ist es eventuell auch m\u00f6glich monatliche Teilzahlungen zu vereinbaren. Der Versand erfolgt normalerweise innerhalb kurzer Zeit nach Zahlungseingang,ich pr\u00fcfe jedes Modell auf Transportsicherheit und verpacke es entsprechend:wenn notwendig ziehe ich eine Kunststofffolie \u00fcber das Modelloder schraube das Modell vom Sockel, damit es Transportersch\u00fctterungen problemlos \u00fcbersteht.Sollte dennoch ein Transportschaden auftreten,nehmen Sie bitte sofort Kontakt mit der zustellenden Firma auf,fotografieren Sie den Schaden und f\u00fcllen Sie eine Schadensmeldung aus.Nur Sie als Empf\u00e4nger k\u00f6nnen das machen, gerne bin ich dabei behilflich. Falls ein Modell nicht dem Angebot entspricht, also ein falsches als bestellt ist oder schwere Qualit\u00e4tsm\u00e4ngel hat,schreiben Sie mir bitte und wir finden einen Weg zur Probleml\u00f6sung!Bitte um Verst\u00e4ndnis, da\u00df nicht vorher abgesprochene und von mir vorgemerkte R\u00fccksendungen nicht angenommen werden,da bei \u00dcbergabe oftmals keine Zuordnung des Absenders \/ Inhalts \/ ersichtlich ist. Versandkosten:Jedes Paket versende ich versichert, je nach Inhalt betr\u00e4gt der maximale Versicherungswert pro Paket Euro 500,00Ich rate Ihnen daher bei h\u00f6heren Werten lieber zwei Pakete senden zu lassen! 1 bis 4 Modelle 1:43 (in Normalverpackung)\u20ac 7,90&nbsp;&nbsp;&nbsp; &nbsp; &nbsp; &nbsp; \u00d6sterreich\u20ac 19,90&nbsp;&nbsp;&nbsp; &nbsp; &nbsp; EU ohne Frankreich\u20ac 24,90&nbsp;&nbsp;&nbsp; &nbsp; &nbsp; Frankreich, Schweiz, Gro\u00dfbritannien 1 bis 3 Modelle 1:43 (in Normalverpackung)\u20ac 35,90&nbsp; &nbsp; &nbsp; &nbsp; Kanada \u20ac 39,90&nbsp; &nbsp; &nbsp; &nbsp; Asien (Japan, Taiwan, Rep. Korea, etc\u2026) \u20ac 49,90&nbsp; &nbsp; &nbsp; &nbsp; Australien USA \u2013 bitte anfragen \/ please ask &nbsp; &nbsp; &nbsp;<\/p>","protected":false},"author":1,"featured_media":0,"parent":0,"menu_order":0,"comment_status":"closed","ping_status":"closed","template":"elementor_header_footer","meta":{"footnotes":""},"class_list":["post-900","page","type-page","status-publish","hentry","entry","owp-thumbs-layout-horizontal","owp-btn-normal","owp-tabs-layout-horizontal","has-no-thumbnails","has-product-nav"],"_links":{"self":[{"href":"https:\/\/autoshow.at\/en\/wp-json\/wp\/v2\/pages\/900","targetHints":{"allow":["GET"]}}],"collection":[{"href":"https:\/\/autoshow.at\/en\/wp-json\/wp\/v2\/pages"}],"about":[{"href":"https:\/\/autoshow.at\/en\/wp-json\/wp\/v2\/types\/page"}],"author":[{"embeddable":true,"href":"https:\/\/autoshow.at\/en\/wp-json\/wp\/v2\/users\/1"}],"replies":[{"embeddable":true,"href":"https:\/\/autoshow.at\/en\/wp-json\/wp\/v2\/comments?post=900"}],"version-history":[{"count":57,"href":"https:\/\/autoshow.at\/en\/wp-json\/wp\/v2\/pages\/900\/revisions"}],"predecessor-version":[{"id":104324,"href":"https:\/\/autoshow.at\/en\/wp-json\/wp\/v2\/pages\/900\/revisions\/104324"}],"wp:attachment":[{"href":"https:\/\/autoshow.at\/en\/wp-json\/wp\/v2\/media?parent=900"}],"curies":[{"name":"wp","href":"https:\/\/api.w.org\/{rel}","templated":true}]}}