{"id":93143,"date":"2024-12-20T10:02:03","date_gmt":"2024-12-20T09:02:03","guid":{"rendered":"https:\/\/autoshow.at\/?page_id=93143"},"modified":"2024-12-20T10:03:14","modified_gmt":"2024-12-20T09:03:14","slug":"produktsicherheit","status":"publish","type":"page","link":"https:\/\/autoshow.at\/en\/produktsicherheit\/","title":{"rendered":"Produktsicherheit"},"content":{"rendered":"<div data-elementor-type=\"wp-page\" data-elementor-id=\"93143\" class=\"elementor elementor-93143\">\n\t\t\t\t\t\t<section class=\"elementor-section elementor-top-section elementor-element elementor-element-5465bdb elementor-section-boxed elementor-section-height-default elementor-section-height-default wpr-particle-no wpr-jarallax-no wpr-parallax-no wpr-sticky-section-no\" data-id=\"5465bdb\" data-element_type=\"section\">\n\t\t\t\t\t\t<div class=\"elementor-container elementor-column-gap-default\">\n\t\t\t\t\t<div class=\"elementor-column elementor-col-100 elementor-top-column elementor-element elementor-element-3e2d1e4\" data-id=\"3e2d1e4\" data-element_type=\"column\">\n\t\t\t<div class=\"elementor-widget-wrap elementor-element-populated\">\n\t\t\t\t\t\t<div class=\"elementor-element elementor-element-b8371ea elementor-widget elementor-widget-spacer\" data-id=\"b8371ea\" data-element_type=\"widget\" data-widget_type=\"spacer.default\">\n\t\t\t\t<div class=\"elementor-widget-container\">\n\t\t\t\t\t\t\t<div class=\"elementor-spacer\">\n\t\t\t<div class=\"elementor-spacer-inner\"><\/div>\n\t\t<\/div>\n\t\t\t\t\t\t<\/div>\n\t\t\t\t<\/div>\n\t\t\t\t<div class=\"elementor-element elementor-element-54c99f3 elementor-widget elementor-widget-text-editor\" data-id=\"54c99f3\" data-element_type=\"widget\" data-widget_type=\"text-editor.default\">\n\t\t\t\t<div class=\"elementor-widget-container\">\n\t\t\t\t\t\t\t\t\t<h1><b>Produktsicherheit<\/b><\/h1><p><b>english<\/b><\/p><p>Collector&#8217;s model for the display case, not suitable for children under 14 years<\/p><p>\u00a0<\/p><p>fran\u00e7ais<\/p><p>Mod\u00e8le collector pour vitrine, ne convient pas aux enfants de moins de 14 ans<\/p><p>\u00a0<\/p><p>nederlands<\/p><p>Verzamelmodel voor de vitrine, niet geschikt voor kinderen onder de 14 jaar<\/p><p>\u00a0<\/p><p>italiano<\/p><p>Modello da collezione per vetrina, non adatto a bambini sotto i 14 anni<\/p><p>\u00a0<\/p><p>espa\u00f1ol<\/p><p>Modelo de coleccionista para vitrina, no apto para ni\u00f1os menores de 14 a\u00f1os.<\/p><p>\u00a0<\/p><p>portugu\u00eas<\/p><p>Modelo de colecionador para vitrina, n\u00e3o adequado a menores de 14 anos<\/p><p>\u00a0<\/p><p>\u010de\u0161tina<\/p><p>Sb\u011bratelsk\u00fd model do vitr\u00edny, nevhodn\u00fd pro d\u011bti do 14 let<\/p><p>\u00a0<\/p><p>slovensk\u00fd<\/p><p>Zberate\u013esk\u00fd model do vitr\u00edny, nevhodn\u00fd pre deti do 14 rokov<\/p><p>\u00a0<\/p><p>polski<\/p><p>Model kolekcjonerski do gabloty, nieodpowiedni dla dzieci poni\u017cej 14 lat<\/p><p>\u00a0<\/p><p>rom\u00e2n\u0103<\/p><p>Model de colec\u021bie pentru vitrin\u0103, nu este potrivit copiilor sub 14 ani<\/p><p>\u00a0<\/p><p>magyar<\/p><p>Gy\u0171jt\u0151modell a vitrinhez, 14 \u00e9ven aluliak sz\u00e1m\u00e1ra nem alkalmas<\/p><p>\u00a0<\/p><p>slovenski<\/p><p>Zbirateljski model za vitrino, ni primeren za otroke mlaj\u0161e od 14 let<\/p><p>\u00a0<\/p><p>hrvatski<\/p><p>Kolekcionarski model za vitrinu, nije primjeren za djecu mla\u0111u od 14 godina<\/p><p>\u00a0<\/p><p>latviski<\/p><p>Kolekcion\u0101ra modelis vitr\u012bnai, nav piem\u0113rots b\u0113rniem l\u012bdz 14 gadiem<\/p><p>\u00a0<\/p><p>svenska<\/p><p>Samlarmodell f\u00f6r montern, ej l\u00e4mplig f\u00f6r barn under 14 \u00e5r<\/p><p>\u00a0<\/p><p>suomalainen<\/p><p>Ker\u00e4ilij\u00e4malli vitriinille, ei sovellu alle 14-vuotiaille<\/p><p>\u00a0<\/p><p>dansk<\/p><p>Samlermodel til montren, ikke egnet til b\u00f8rn under 14 \u00e5r<\/p><p>\u00a0<\/p><p>l\u00ebtzebuergesch<\/p><p>Sammelmodell fir den Vitrine, net g\u00ebeegent fir Kanner \u00ebnner 14 Joer<\/p><p>\u00a0<\/p><p>latvi\u0173<\/p><p>Kolekcinis modelis vitrinai, netinka vaikams iki 14 met\u0173<\/p><p>\u00a0<\/p><p>eesti keel<\/p><p>Kogumismudel vitriinile, ei sobi alla 14 aastastele<\/p><p>\u00a0<\/p><p>\u03b5\u03bb\u03bb\u03b7\u03bd\u03b9\u03ba\u03ac<\/p><p>\u03a3\u03c5\u03bb\u03bb\u03b5\u03ba\u03c4\u03b9\u03ba\u03cc \u03bc\u03bf\u03bd\u03c4\u03ad\u03bb\u03bf \u03b3\u03b9\u03b1 \u03b2\u03b9\u03c4\u03c1\u03af\u03bd\u03b1, \u03b1\u03ba\u03b1\u03c4\u03ac\u03bb\u03bb\u03b7\u03bb\u03bf \u03b3\u03b9\u03b1 \u03c0\u03b1\u03b9\u03b4\u03b9\u03ac \u03ba\u03ac\u03c4\u03c9 \u03c4\u03c9\u03bd 14 \u03b5\u03c4\u03ce\u03bd<\/p><p>\u00a0<\/p><p>\u0431\u044a\u043b\u0433\u0430\u0440\u0441\u043a\u0438<\/p><p>\u041a\u043e\u043b\u0435\u043a\u0446\u0438\u043e\u043d\u0435\u0440\u0441\u043a\u0438 \u043c\u043e\u0434\u0435\u043b \u0437\u0430 \u0432\u0438\u0442\u0440\u0438\u043d\u0430, \u043d\u0435 \u0435 \u043f\u043e\u0434\u0445\u043e\u0434\u044f\u0449 \u0437\u0430 \u0434\u0435\u0446\u0430 \u043f\u043e\u0434 14 \u0433\u043e\u0434\u0438\u043d\u0438<\/p><p>\u00a0<\/p>\t\t\t\t\t\t\t\t<\/div>\n\t\t\t\t<\/div>\n\t\t\t\t\t<\/div>\n\t\t<\/div>\n\t\t\t\t\t<\/div>\n\t\t<\/section>\n\t\t\t\t<\/div>","protected":false},"excerpt":{"rendered":"<p>Produktsicherheit english Collector&#8217;s model for the display case, not suitable for children under 14 years \u00a0 fran\u00e7ais Mod\u00e8le collector pour vitrine, ne convient pas aux enfants de moins de 14 ans \u00a0 nederlands Verzamelmodel voor de vitrine, niet geschikt voor kinderen onder de 14 jaar \u00a0 italiano Modello da collezione per vetrina, non adatto a bambini sotto i 14 anni \u00a0 espa\u00f1ol Modelo de coleccionista para vitrina, no apto para ni\u00f1os menores de 14 a\u00f1os. \u00a0 portugu\u00eas Modelo de colecionador para vitrina, n\u00e3o adequado a menores de 14 anos \u00a0 \u010de\u0161tina Sb\u011bratelsk\u00fd model do vitr\u00edny, nevhodn\u00fd pro d\u011bti do 14 let \u00a0 slovensk\u00fd Zberate\u013esk\u00fd model do vitr\u00edny, nevhodn\u00fd pre deti do 14 rokov \u00a0 polski Model kolekcjonerski do gabloty, nieodpowiedni dla dzieci poni\u017cej 14 lat \u00a0 rom\u00e2n\u0103 Model de colec\u021bie pentru vitrin\u0103, nu este potrivit copiilor sub 14 ani \u00a0 magyar Gy\u0171jt\u0151modell a vitrinhez, 14 \u00e9ven aluliak sz\u00e1m\u00e1ra nem alkalmas \u00a0 slovenski Zbirateljski model za vitrino, ni primeren za otroke mlaj\u0161e od 14 let \u00a0 hrvatski Kolekcionarski model za vitrinu, nije primjeren za djecu mla\u0111u od 14 godina \u00a0 latviski Kolekcion\u0101ra modelis vitr\u012bnai, nav piem\u0113rots b\u0113rniem l\u012bdz 14 gadiem \u00a0 svenska Samlarmodell f\u00f6r montern, ej l\u00e4mplig f\u00f6r barn under 14 \u00e5r \u00a0 suomalainen Ker\u00e4ilij\u00e4malli vitriinille, ei sovellu alle 14-vuotiaille \u00a0 dansk Samlermodel til montren, ikke egnet til b\u00f8rn under 14 \u00e5r \u00a0 l\u00ebtzebuergesch Sammelmodell fir den Vitrine, net g\u00ebeegent fir Kanner \u00ebnner 14 Joer \u00a0 latvi\u0173 Kolekcinis modelis vitrinai, netinka vaikams iki 14 met\u0173 \u00a0 eesti keel Kogumismudel vitriinile, ei sobi alla 14 aastastele \u00a0 \u03b5\u03bb\u03bb\u03b7\u03bd\u03b9\u03ba\u03ac \u03a3\u03c5\u03bb\u03bb\u03b5\u03ba\u03c4\u03b9\u03ba\u03cc \u03bc\u03bf\u03bd\u03c4\u03ad\u03bb\u03bf \u03b3\u03b9\u03b1 \u03b2\u03b9\u03c4\u03c1\u03af\u03bd\u03b1, \u03b1\u03ba\u03b1\u03c4\u03ac\u03bb\u03bb\u03b7\u03bb\u03bf \u03b3\u03b9\u03b1 \u03c0\u03b1\u03b9\u03b4\u03b9\u03ac \u03ba\u03ac\u03c4\u03c9 \u03c4\u03c9\u03bd 14 \u03b5\u03c4\u03ce\u03bd \u00a0 \u0431\u044a\u043b\u0433\u0430\u0440\u0441\u043a\u0438 \u041a\u043e\u043b\u0435\u043a\u0446\u0438\u043e\u043d\u0435\u0440\u0441\u043a\u0438 \u043c\u043e\u0434\u0435\u043b \u0437\u0430 \u0432\u0438\u0442\u0440\u0438\u043d\u0430, \u043d\u0435 \u0435 \u043f\u043e\u0434\u0445\u043e\u0434\u044f\u0449 \u0437\u0430 \u0434\u0435\u0446\u0430 \u043f\u043e\u0434 14 \u0433\u043e\u0434\u0438\u043d\u0438 \u00a0<\/p>","protected":false},"author":1,"featured_media":0,"parent":0,"menu_order":0,"comment_status":"closed","ping_status":"closed","template":"elementor_header_footer","meta":{"footnotes":""},"class_list":["post-93143","page","type-page","status-publish","hentry","entry","owp-thumbs-layout-horizontal","owp-btn-normal","owp-tabs-layout-horizontal","has-no-thumbnails","has-product-nav"],"_links":{"self":[{"href":"https:\/\/autoshow.at\/en\/wp-json\/wp\/v2\/pages\/93143","targetHints":{"allow":["GET"]}}],"collection":[{"href":"https:\/\/autoshow.at\/en\/wp-json\/wp\/v2\/pages"}],"about":[{"href":"https:\/\/autoshow.at\/en\/wp-json\/wp\/v2\/types\/page"}],"author":[{"embeddable":true,"href":"https:\/\/autoshow.at\/en\/wp-json\/wp\/v2\/users\/1"}],"replies":[{"embeddable":true,"href":"https:\/\/autoshow.at\/en\/wp-json\/wp\/v2\/comments?post=93143"}],"version-history":[{"count":7,"href":"https:\/\/autoshow.at\/en\/wp-json\/wp\/v2\/pages\/93143\/revisions"}],"predecessor-version":[{"id":93150,"href":"https:\/\/autoshow.at\/en\/wp-json\/wp\/v2\/pages\/93143\/revisions\/93150"}],"wp:attachment":[{"href":"https:\/\/autoshow.at\/en\/wp-json\/wp\/v2\/media?parent=93143"}],"curies":[{"name":"wp","href":"https:\/\/api.w.org\/{rel}","templated":true}]}}