{"id":103408,"date":"2026-03-26T17:20:19","date_gmt":"2026-03-26T16:20:19","guid":{"rendered":"https:\/\/autoshow.at\/produkt\/viotti-600-coupe-fiat-based-1959-weiss-mit-gruenen-streifen-white-with-green-stripes\/"},"modified":"2026-03-26T17:20:22","modified_gmt":"2026-03-26T16:20:22","slug":"viotti-600-coupe-fiat-based-1959-weiss-mit-gruenen-streifen-white-with-green-stripes","status":"publish","type":"product","link":"https:\/\/autoshow.at\/en\/product\/viotti-600-coupe-fiat-based-1959-weiss-mit-gruenen-streifen-white-with-green-stripes\/","title":{"rendered":"Viotti 600 Coup\u00e9 (Fiat based), 1959, wei\u00df mit gr\u00fcnen Streifen \/ white with green stripes"},"content":{"rendered":"","protected":false},"excerpt":{"rendered":"","protected":false},"featured_media":27881,"template":"","meta":[],"product_brand":[],"product_cat":[557],"product_tag":[],"class_list":{"0":"post-103408","1":"product","2":"type-product","3":"status-publish","4":"has-post-thumbnail","6":"product_cat-matrix-143","7":"pa_herstellerinfo-matrix-scale-models-po-box-508-5400-am-uden-infoi-dbv-nl-the-netherlands","8":"pa_produktsicherheit-sammlermodell-f-d-vitrine-nicht-geeignet-fuer-kinder-unter-14-jahren-collectors-modelcar-for-the-showcase-not-suitable-for-children-under-14-y","10":"entry","11":"has-media","13":"first","14":"instock","15":"purchasable","16":"product-type-simple","17":"has-product-nav","18":"col","19":"span_1_of_3","20":"owp-content-center","21":"owp-thumbs-layout-horizontal","22":"owp-btn-normal","23":"owp-tabs-layout-horizontal","24":"has-no-thumbnails"},"_links":{"self":[{"href":"https:\/\/autoshow.at\/en\/wp-json\/wp\/v2\/product\/103408","targetHints":{"allow":["GET"]}}],"collection":[{"href":"https:\/\/autoshow.at\/en\/wp-json\/wp\/v2\/product"}],"about":[{"href":"https:\/\/autoshow.at\/en\/wp-json\/wp\/v2\/types\/product"}],"wp:featuredmedia":[{"embeddable":true,"href":"https:\/\/autoshow.at\/en\/wp-json\/wp\/v2\/media\/27881"}],"wp:attachment":[{"href":"https:\/\/autoshow.at\/en\/wp-json\/wp\/v2\/media?parent=103408"}],"wp:term":[{"taxonomy":"product_brand","embeddable":true,"href":"https:\/\/autoshow.at\/en\/wp-json\/wp\/v2\/product_brand?post=103408"},{"taxonomy":"product_cat","embeddable":true,"href":"https:\/\/autoshow.at\/en\/wp-json\/wp\/v2\/product_cat?post=103408"},{"taxonomy":"product_tag","embeddable":true,"href":"https:\/\/autoshow.at\/en\/wp-json\/wp\/v2\/product_tag?post=103408"}],"curies":[{"name":"wp","href":"https:\/\/api.w.org\/{rel}","templated":true}]}}