{"id":103616,"date":"2026-03-26T17:21:49","date_gmt":"2026-03-26T16:21:49","guid":{"rendered":"https:\/\/autoshow.at\/produkt\/bbr-vitrine-fuer-1-modell-143-rotes-alcantara-lederdesign-taeuschend-echte-nachbildung-mit-schwarzen-naehten-red-alcantara-design-superb-leather-replica-with-black-stitching\/"},"modified":"2026-03-26T17:21:50","modified_gmt":"2026-03-26T16:21:50","slug":"bbr-vitrine-fuer-1-modell-143-rotes-alcantara-lederdesign-taeuschend-echte-nachbildung-mit-schwarzen-naehten-red-alcantara-design-superb-leather-replica-with-black-stitching","status":"publish","type":"product","link":"https:\/\/autoshow.at\/en\/product\/bbr-vitrine-fuer-1-modell-143-rotes-alcantara-lederdesign-taeuschend-echte-nachbildung-mit-schwarzen-naehten-red-alcantara-design-superb-leather-replica-with-black-stitching\/","title":{"rendered":"BBR Vitrine f\u00fcr 1 Modell 1:43, rotes Alcantara Lederdesign (t\u00e4uschend echte Nachbildung) mit schwarzen N\u00e4hten \/ red alcantara design (superb leather replica) with black stitching"},"content":{"rendered":"","protected":false},"excerpt":{"rendered":"","protected":false},"featured_media":6246,"template":"","meta":[],"product_brand":[],"product_cat":[116],"product_tag":[],"class_list":{"0":"post-103616","1":"product","2":"type-product","3":"status-publish","4":"has-post-thumbnail","6":"product_cat-vitrine-143","7":"pa_herstellerinfo-bbr-models-via-grieg-73-21047-saronno-va-infobbrmodels-it-italy","9":"entry","10":"has-media","12":"first","13":"instock","14":"purchasable","15":"product-type-simple","16":"has-product-nav","17":"col","18":"span_1_of_3","19":"owp-content-center","20":"owp-thumbs-layout-horizontal","21":"owp-btn-normal","22":"owp-tabs-layout-horizontal"},"_links":{"self":[{"href":"https:\/\/autoshow.at\/en\/wp-json\/wp\/v2\/product\/103616","targetHints":{"allow":["GET"]}}],"collection":[{"href":"https:\/\/autoshow.at\/en\/wp-json\/wp\/v2\/product"}],"about":[{"href":"https:\/\/autoshow.at\/en\/wp-json\/wp\/v2\/types\/product"}],"wp:featuredmedia":[{"embeddable":true,"href":"https:\/\/autoshow.at\/en\/wp-json\/wp\/v2\/media\/6246"}],"wp:attachment":[{"href":"https:\/\/autoshow.at\/en\/wp-json\/wp\/v2\/media?parent=103616"}],"wp:term":[{"taxonomy":"product_brand","embeddable":true,"href":"https:\/\/autoshow.at\/en\/wp-json\/wp\/v2\/product_brand?post=103616"},{"taxonomy":"product_cat","embeddable":true,"href":"https:\/\/autoshow.at\/en\/wp-json\/wp\/v2\/product_cat?post=103616"},{"taxonomy":"product_tag","embeddable":true,"href":"https:\/\/autoshow.at\/en\/wp-json\/wp\/v2\/product_tag?post=103616"}],"curies":[{"name":"wp","href":"https:\/\/api.w.org\/{rel}","templated":true}]}}